{"id":123,"date":"2019-06-14T17:49:36","date_gmt":"2019-06-14T17:49:36","guid":{"rendered":"https:\/\/theslownights.de\/?page_id=123"},"modified":"2022-06-30T10:56:26","modified_gmt":"2022-06-30T10:56:26","slug":"press-booking","status":"publish","type":"page","link":"https:\/\/theslownights.de\/index.php\/press-booking\/","title":{"rendered":"PRESS \/ BOOKING"},"content":{"rendered":"\n<h2 class=\"wp-block-heading\">The Slow Nights<\/h2>\n\n\n\n<div class=\"wp-block-button\"><a class=\"wp-block-button__link has-very-light-gray-color has-vivid-red-background-color has-text-color has-background\" href=\"https:\/\/cloud.theslownights.de\/s\/yPr4gTyNWkHrjzj\" target=\"_blank\" rel=\"noreferrer noopener\">DOWNLOAD &#8211; PRESSKIT The Slow Nights<\/a><\/div>\n\n\n\n<div class=\"wp-block-button\"><a class=\"wp-block-button__link has-very-light-gray-color has-vivid-red-background-color has-text-color has-background\" href=\"https:\/\/theslownights.de\/wp-content\/uploads\/2020\/01\/Techrider_The_Slow_Nights.pdf\">DOWNLOAD &#8211; TECHRIDER The Slow Nights<\/a><\/div>\n\n\n\n<div style=\"height:100px\" aria-hidden=\"true\" class=\"wp-block-spacer\"><\/div>\n\n\n\n<p>The Slow Nights \u2013 gef\u00fchlvoll, direkt,  melancholisch, tanzbar, einf\u00fchlsam und w\u00fctend.  Musik mit Emotion. Die drei Musiker machen bereits seit ihrer Jugend zusammen in wechselnden Besetzungen Musik (Gravity Lost, Look Homeward Angel, Modern Grey). <\/p>\n\n\n\n<p>Ihre Faszination f\u00fcr die Musik der 60er und 70er Jahre und deren ungez\u00fcgelten Energie  brachte die drei dazu die Band \u201eThe Slow Nights\u201c zu gr\u00fcnden. Live-Musik soll ein  Erlebnis sein und bleiben. Emotion und nicht Konsumgut. Mit ihren vorangegangen Bands haben die drei bereits sehr viel B\u00fchnenerfahrung  gesammelt. Gro\u00dfe und kleine B\u00fchne im In- und Ausland bespielt, tausende an Kilometern zur\u00fcck gelegt, viele neue Leute und Freunde kenngelernt, gelacht, geweint, getrunken, gegessen &#8211; GELEBT.<\/p>\n\n\n\n<p>2018 nahmen The Slow Nights ihr Debut Album \u201eDark \/ Bright\u201c auf. Alle Aufnahmen  wurde Live eingespielt um ein m\u00f6glichst  authentisches Endergebnis zu bekommen.<\/p>\n\n\n\n<p>Musik wie aus Filmwelten. Nicht kompliziert, nicht  angepasst, nicht modern. Kommt und genie\u00dft die Show.<\/p>\n\n\n\n<p>Mitglieder: Elias Jakob (Bass, Guitar &amp; Vocals)<br>Volker Wildner (Guitar &amp; Vocals)<br>Simon Gehrig (Drums &amp; Vocals)<br><br>Genre: Filmusik f\u00fcr den Alltag, Alternative Punk Lo-Fi<\/p>\n\n\n\n<h3 class=\"has-text-align-center wp-block-heading\">Einzeldownloads<\/h3>\n\n\n\n<div class=\"wp-block-file\"><a id=\"wp-block-file--media-cad45020-e729-46f5-a79e-85b121358550\" href=\"https:\/\/theslownights.de\/wp-content\/uploads\/2019\/06\/Bandinfo_The_Slow_Nights.pdf\">Bandinfo &#8211; The Slow Nights (PDF)<\/a><a href=\"https:\/\/theslownights.de\/wp-content\/uploads\/2019\/06\/Bandinfo_The_Slow_Nights.pdf\" class=\"wp-block-file__button\" download aria-describedby=\"wp-block-file--media-cad45020-e729-46f5-a79e-85b121358550\">Herunterladen<\/a><\/div>\n\n\n\n<div class=\"wp-block-file\"><a id=\"wp-block-file--media-a795235b-7a5e-4f03-aafe-6cd077cb6c93\" href=\"https:\/\/theslownights.de\/wp-content\/uploads\/2019\/06\/Music_The_Slow_Nights.zip\">Musik &#8211; The Slow Nights (ZIP)<\/a><a href=\"https:\/\/theslownights.de\/wp-content\/uploads\/2019\/06\/Music_The_Slow_Nights.zip\" class=\"wp-block-file__button\" download aria-describedby=\"wp-block-file--media-a795235b-7a5e-4f03-aafe-6cd077cb6c93\">Herunterladen<\/a><\/div>\n\n\n\n<div class=\"wp-block-file\"><a id=\"wp-block-file--media-2f42b628-05c3-4816-85ef-32dfae7c8384\" href=\"https:\/\/theslownights.de\/wp-content\/uploads\/2019\/06\/Photos_The_Slow_Nights.zip\">Bandfotos &#8211; The Slow Nights (ZIP)<\/a><a href=\"https:\/\/theslownights.de\/wp-content\/uploads\/2019\/06\/Photos_The_Slow_Nights.zip\" class=\"wp-block-file__button\" download aria-describedby=\"wp-block-file--media-2f42b628-05c3-4816-85ef-32dfae7c8384\">Herunterladen<\/a><\/div>\n\n\n\n<div class=\"wp-block-file\"><a id=\"wp-block-file--media-20a6ad25-c60e-4797-aed6-bf686a39f41f\" href=\"https:\/\/theslownights.de\/wp-content\/uploads\/2019\/06\/The_Slow_Nights_Bandinfo_2.jpg\">Wimmelbild &#8211; The Slow Nights (JPG)<\/a><a href=\"https:\/\/theslownights.de\/wp-content\/uploads\/2019\/06\/The_Slow_Nights_Bandinfo_2.jpg\" class=\"wp-block-file__button\" download aria-describedby=\"wp-block-file--media-20a6ad25-c60e-4797-aed6-bf686a39f41f\">Herunterladen<\/a><\/div>\n\n\n\n<div class=\"wp-block-file\"><a id=\"wp-block-file--media-b5a8e42e-414f-45ee-99a8-02b9612fa4ce\" href=\"https:\/\/theslownights.de\/wp-content\/uploads\/2019\/06\/The_Slow_Nights_Schrifzug.pdf\">The Slow Nights Schrifzug (PDF)<\/a><a href=\"https:\/\/theslownights.de\/wp-content\/uploads\/2019\/06\/The_Slow_Nights_Schrifzug.pdf\" class=\"wp-block-file__button\" download aria-describedby=\"wp-block-file--media-b5a8e42e-414f-45ee-99a8-02b9612fa4ce\">Herunterladen<\/a><\/div>\n\n\n\n<div class=\"wp-block-file\"><a id=\"wp-block-file--media-a4c45bf9-9a88-4ea7-9baa-977cca3a4e9c\" href=\"https:\/\/theslownights.de\/wp-content\/uploads\/2019\/06\/The_Slow_Nights_Schrifzug.eps\">The Slow Nights Schrifzug (EPS)<\/a><a href=\"https:\/\/theslownights.de\/wp-content\/uploads\/2019\/06\/The_Slow_Nights_Schrifzug.eps\" class=\"wp-block-file__button\" download aria-describedby=\"wp-block-file--media-a4c45bf9-9a88-4ea7-9baa-977cca3a4e9c\">Herunterladen<\/a><\/div>\n\n\n\n<h2 class=\"wp-block-heading\">Bandfotos<\/h2>\n\n\n\n<ul class=\"wp-block-gallery columns-3 is-cropped\"><li class=\"blocks-gallery-item\"><figure><a href=\"https:\/\/theslownights.de\/wp-content\/uploads\/2019\/06\/The_Slow_Nights_Bandfoto_1.jpg\"><img loading=\"lazy\" decoding=\"async\" width=\"1024\" height=\"684\" src=\"https:\/\/theslownights.de\/wp-content\/uploads\/2019\/06\/The_Slow_Nights_Bandfoto_1-1024x684.jpg\" alt=\"\" data-id=\"128\" data-link=\"https:\/\/theslownights.de\/index.php\/press-booking\/the_slow_nights_bandfoto_1\/\" class=\"wp-image-128\" srcset=\"https:\/\/theslownights.de\/wp-content\/uploads\/2019\/06\/The_Slow_Nights_Bandfoto_1-1024x684.jpg 1024w, https:\/\/theslownights.de\/wp-content\/uploads\/2019\/06\/The_Slow_Nights_Bandfoto_1-300x200.jpg 300w, https:\/\/theslownights.de\/wp-content\/uploads\/2019\/06\/The_Slow_Nights_Bandfoto_1-768x513.jpg 768w\" sizes=\"auto, (max-width: 706px) 89vw, (max-width: 767px) 82vw, 740px\" \/><\/a><\/figure><\/li><li class=\"blocks-gallery-item\"><figure><a href=\"https:\/\/theslownights.de\/wp-content\/uploads\/2019\/06\/The_Slow_Nights_Bandfoto_2.jpg\"><img loading=\"lazy\" decoding=\"async\" width=\"684\" height=\"1024\" src=\"https:\/\/theslownights.de\/wp-content\/uploads\/2019\/06\/The_Slow_Nights_Bandfoto_2-684x1024.jpg\" alt=\"\" data-id=\"129\" data-link=\"https:\/\/theslownights.de\/index.php\/press-booking\/the_slow_nights_bandfoto_2\/\" class=\"wp-image-129\" srcset=\"https:\/\/theslownights.de\/wp-content\/uploads\/2019\/06\/The_Slow_Nights_Bandfoto_2-684x1024.jpg 684w, https:\/\/theslownights.de\/wp-content\/uploads\/2019\/06\/The_Slow_Nights_Bandfoto_2-200x300.jpg 200w, https:\/\/theslownights.de\/wp-content\/uploads\/2019\/06\/The_Slow_Nights_Bandfoto_2-768x1151.jpg 768w\" sizes=\"auto, (max-width: 684px) 100vw, 684px\" \/><\/a><\/figure><\/li><li class=\"blocks-gallery-item\"><figure><a href=\"https:\/\/theslownights.de\/wp-content\/uploads\/2019\/06\/The_Slow_Nights_Live_Foto.jpg\"><img loading=\"lazy\" decoding=\"async\" width=\"1024\" height=\"683\" src=\"https:\/\/theslownights.de\/wp-content\/uploads\/2019\/06\/The_Slow_Nights_Live_Foto-1024x683.jpg\" alt=\"\" data-id=\"131\" data-link=\"https:\/\/theslownights.de\/index.php\/press-booking\/the-slow-nights\/\" class=\"wp-image-131\" srcset=\"https:\/\/theslownights.de\/wp-content\/uploads\/2019\/06\/The_Slow_Nights_Live_Foto-1024x683.jpg 1024w, https:\/\/theslownights.de\/wp-content\/uploads\/2019\/06\/The_Slow_Nights_Live_Foto-300x200.jpg 300w, https:\/\/theslownights.de\/wp-content\/uploads\/2019\/06\/The_Slow_Nights_Live_Foto-768x512.jpg 768w\" sizes=\"auto, (max-width: 706px) 89vw, (max-width: 767px) 82vw, 740px\" \/><\/a><\/figure><\/li><\/ul>\n\n\n\n<h2 class=\"wp-block-heading\">Downloads<\/h2>\n\n\n\n<h2 class=\"wp-block-heading\">Unsere Musik<\/h2>\n\n\n<div class=\"wp-playlist wp-audio-playlist wp-playlist-light\">\n\t\t\t<div class=\"wp-playlist-current-item\"><\/div>\n\t\t<audio controls=\"controls\" preload=\"none\" width=\"503\"\n\t\t\t><\/audio>\n\t<div class=\"wp-playlist-next\"><\/div>\n\t<div class=\"wp-playlist-prev\"><\/div>\n\t<noscript>\n\t<ol>\n\t\t<li><a href='https:\/\/theslownights.de\/wp-content\/uploads\/2018\/04\/1-04-Fivehundred-miles-1.mp3'>Fivehundred miles<\/a><\/li><li><a href='https:\/\/theslownights.de\/wp-content\/uploads\/2018\/04\/1-01-Far-from-everything-1.mp3'>Far from everything<\/a><\/li><li><a href='https:\/\/theslownights.de\/wp-content\/uploads\/2018\/04\/2-01-Blurr-and-Blend-1.mp3'>Blurr and Blend<\/a><\/li><li><a href='https:\/\/theslownights.de\/wp-content\/uploads\/2018\/04\/2-02-Everyday-1.mp3'>Everyday<\/a><\/li><li><a href='https:\/\/theslownights.de\/wp-content\/uploads\/2018\/04\/2-04-What-I-want-1.mp3'>What I want<\/a><\/li>\t<\/ol>\n\t<\/noscript>\n\t<script type=\"application\/json\" class=\"wp-playlist-script\">{\"type\":\"audio\",\"tracklist\":true,\"tracknumbers\":true,\"images\":true,\"artists\":true,\"tracks\":[{\"src\":\"https:\/\/theslownights.de\/wp-content\/uploads\/2018\/04\/1-04-Fivehundred-miles-1.mp3\",\"type\":\"audio\/mpeg\",\"title\":\"Fivehundred miles\",\"caption\":\"\",\"description\":\"\\\"Fivehundred miles\\\" aus DARK \/ BRIGHT von The Slow Nights. Ver\\u00f6ffentlicht: 2018. Titel 4. Genre: Alternative.\",\"meta\":{\"artist\":\"The Slow Nights\",\"album\":\"DARK \/ BRIGHT\",\"genre\":\"Alternative\",\"year\":\"2018\",\"length_formatted\":\"3:01\"},\"image\":{\"src\":\"https:\/\/theslownights.de\/wp-content\/uploads\/2018\/04\/1-01-Far-from-everything-mp3-image.jpg\",\"width\":750,\"height\":750},\"thumb\":{\"src\":\"https:\/\/theslownights.de\/wp-content\/uploads\/2018\/04\/1-01-Far-from-everything-mp3-image-150x150.jpg\",\"width\":150,\"height\":150}},{\"src\":\"https:\/\/theslownights.de\/wp-content\/uploads\/2018\/04\/1-01-Far-from-everything-1.mp3\",\"type\":\"audio\/mpeg\",\"title\":\"Far from everything\",\"caption\":\"\",\"description\":\"\\\"Far from everything\\\" aus DARK \/ BRIGHT von The Slow Nights. Ver\\u00f6ffentlicht: 2018. Titel 1. Genre: Alternative.\",\"meta\":{\"artist\":\"The Slow Nights\",\"album\":\"DARK \/ BRIGHT\",\"genre\":\"Alternative\",\"year\":\"2018\",\"length_formatted\":\"3:16\"},\"image\":{\"src\":\"https:\/\/theslownights.de\/wp-content\/uploads\/2018\/04\/1-01-Far-from-everything-mp3-image.jpg\",\"width\":750,\"height\":750},\"thumb\":{\"src\":\"https:\/\/theslownights.de\/wp-content\/uploads\/2018\/04\/1-01-Far-from-everything-mp3-image-150x150.jpg\",\"width\":150,\"height\":150}},{\"src\":\"https:\/\/theslownights.de\/wp-content\/uploads\/2018\/04\/2-01-Blurr-and-Blend-1.mp3\",\"type\":\"audio\/mpeg\",\"title\":\"Blurr and Blend\",\"caption\":\"\",\"description\":\"\\\"Blurr and Blend\\\" aus DARK \/ BRIGHT von The Slow Nights. Ver\\u00f6ffentlicht: 2018. Titel 1. Genre: Alternative.\",\"meta\":{\"artist\":\"The Slow Nights\",\"album\":\"DARK \/ BRIGHT\",\"genre\":\"Alternative\",\"year\":\"2018\",\"length_formatted\":\"4:19\"},\"image\":{\"src\":\"https:\/\/theslownights.de\/wp-content\/uploads\/2018\/04\/1-01-Far-from-everything-mp3-image.jpg\",\"width\":750,\"height\":750},\"thumb\":{\"src\":\"https:\/\/theslownights.de\/wp-content\/uploads\/2018\/04\/1-01-Far-from-everything-mp3-image-150x150.jpg\",\"width\":150,\"height\":150}},{\"src\":\"https:\/\/theslownights.de\/wp-content\/uploads\/2018\/04\/2-02-Everyday-1.mp3\",\"type\":\"audio\/mpeg\",\"title\":\"Everyday\",\"caption\":\"\",\"description\":\"\\\"Everyday\\\" aus DARK \/ BRIGHT von The Slow Nights. Ver\\u00f6ffentlicht: 2018. Titel 2. Genre: Alternative.\",\"meta\":{\"artist\":\"The Slow Nights\",\"album\":\"DARK \/ BRIGHT\",\"genre\":\"Alternative\",\"year\":\"2018\",\"length_formatted\":\"4:34\"},\"image\":{\"src\":\"https:\/\/theslownights.de\/wp-content\/uploads\/2018\/04\/1-01-Far-from-everything-mp3-image.jpg\",\"width\":750,\"height\":750},\"thumb\":{\"src\":\"https:\/\/theslownights.de\/wp-content\/uploads\/2018\/04\/1-01-Far-from-everything-mp3-image-150x150.jpg\",\"width\":150,\"height\":150}},{\"src\":\"https:\/\/theslownights.de\/wp-content\/uploads\/2018\/04\/2-04-What-I-want-1.mp3\",\"type\":\"audio\/mpeg\",\"title\":\"What I want\",\"caption\":\"\",\"description\":\"\\\"What I want\\\" aus DARK \/ BRIGHT von The Slow Nights. Ver\\u00f6ffentlicht: 2018. Titel 4. Genre: Alternative.\",\"meta\":{\"artist\":\"The Slow Nights\",\"album\":\"DARK \/ BRIGHT\",\"genre\":\"Alternative\",\"year\":\"2018\",\"length_formatted\":\"2:59\"},\"image\":{\"src\":\"https:\/\/theslownights.de\/wp-content\/uploads\/2018\/04\/1-01-Far-from-everything-mp3-image.jpg\",\"width\":750,\"height\":750},\"thumb\":{\"src\":\"https:\/\/theslownights.de\/wp-content\/uploads\/2018\/04\/1-01-Far-from-everything-mp3-image-150x150.jpg\",\"width\":150,\"height\":150}}]}<\/script>\n<\/div>\n\t\n\n\n\n<h2 class=\"wp-block-heading\">Kontakt<\/h2>\n\n\n\n<p>Ihr wollt mehr von uns? Gro\u00dfartig! Schreibt uns sofort!<\/p>\n\n\n\n<div class=\"wp-block-button\"><a class=\"wp-block-button__link has-vivid-red-background-color has-background\" href=\"mailto:booking@theslownights.de\">booking@theslownights.de<\/a><\/div>\n","protected":false},"excerpt":{"rendered":"<p>The Slow Nights The Slow Nights \u2013 gef\u00fchlvoll, direkt, melancholisch, tanzbar, einf\u00fchlsam und w\u00fctend. Musik mit Emotion. Die drei Musiker machen bereits seit ihrer Jugend zusammen in wechselnden Besetzungen Musik (Gravity Lost, Look Homeward Angel, Modern Grey). Ihre Faszination f\u00fcr die Musik der 60er und 70er Jahre und deren ungez\u00fcgelten Energie brachte die drei dazu &hellip; <\/p>\n<p class=\"link-more\"><a href=\"https:\/\/theslownights.de\/index.php\/press-booking\/\" class=\"more-link\"><span class=\"screen-reader-text\">\u201ePRESS \/ BOOKING\u201c<\/span> weiterlesen<\/a><\/p>\n","protected":false},"author":3,"featured_media":163,"parent":0,"menu_order":0,"comment_status":"closed","ping_status":"closed","template":"","meta":{"footnotes":""},"class_list":["post-123","page","type-page","status-publish","has-post-thumbnail","hentry"],"_links":{"self":[{"href":"https:\/\/theslownights.de\/index.php\/wp-json\/wp\/v2\/pages\/123","targetHints":{"allow":["GET"]}}],"collection":[{"href":"https:\/\/theslownights.de\/index.php\/wp-json\/wp\/v2\/pages"}],"about":[{"href":"https:\/\/theslownights.de\/index.php\/wp-json\/wp\/v2\/types\/page"}],"author":[{"embeddable":true,"href":"https:\/\/theslownights.de\/index.php\/wp-json\/wp\/v2\/users\/3"}],"replies":[{"embeddable":true,"href":"https:\/\/theslownights.de\/index.php\/wp-json\/wp\/v2\/comments?post=123"}],"version-history":[{"count":45,"href":"https:\/\/theslownights.de\/index.php\/wp-json\/wp\/v2\/pages\/123\/revisions"}],"predecessor-version":[{"id":202,"href":"https:\/\/theslownights.de\/index.php\/wp-json\/wp\/v2\/pages\/123\/revisions\/202"}],"wp:featuredmedia":[{"embeddable":true,"href":"https:\/\/theslownights.de\/index.php\/wp-json\/wp\/v2\/media\/163"}],"wp:attachment":[{"href":"https:\/\/theslownights.de\/index.php\/wp-json\/wp\/v2\/media?parent=123"}],"curies":[{"name":"wp","href":"https:\/\/api.w.org\/{rel}","templated":true}]}}