{"id":38,"date":"2018-04-03T17:23:18","date_gmt":"2018-04-03T17:23:18","guid":{"rendered":"https:\/\/theslownights.de\/?page_id=38"},"modified":"2021-09-02T07:50:34","modified_gmt":"2021-09-02T07:50:34","slug":"about","status":"publish","type":"page","link":"https:\/\/theslownights.de\/index.php\/about\/","title":{"rendered":"About"},"content":{"rendered":"<p>Genre: Filmusik f\u00fcr den Alltag, Alternative\/Punk\/Lo-Fi<\/p>\n<p>Mitglieder: Elias Frank (Bass, Guitar &amp; Vocals), Volker Wildner (Guitar), Simon Gehrig (Drums)<\/p>\n<p>Musik wie aus Filmwelten. Nicht kompliziert, nicht angepasst, nicht modern. Die drei Musiker machen bereits seit fast 16 Jahren zusammen in wechselnden Besetzungen Musik (Gravity Lost, Look Homeward Angel, Modern Grey). Ihre Faszination f\u00fcr die Musik der 60er und 70er Jahre und deren ungez\u00fcgelten Energie brachte die drei dazu die Band &#8222;The Slow Nights&#8220; zu gr\u00fcnden.<\/p>\n<p>Musik &#8211; gef\u00fchlvoll, direkt, melancholisch, tanzbar, einf\u00fchlsam und w\u00fctend.<\/p>\n","protected":false},"excerpt":{"rendered":"<p>Genre: Filmusik f\u00fcr den Alltag, Alternative\/Punk\/Lo-Fi Mitglieder: Elias Frank (Bass, Guitar &amp; Vocals), Volker Wildner (Guitar), Simon Gehrig (Drums) Musik wie aus Filmwelten. Nicht kompliziert, nicht angepasst, nicht modern. Die drei Musiker machen bereits seit fast 16 Jahren zusammen in wechselnden Besetzungen Musik (Gravity Lost, Look Homeward Angel, Modern Grey). Ihre Faszination f\u00fcr die Musik &hellip; <\/p>\n<p class=\"link-more\"><a href=\"https:\/\/theslownights.de\/index.php\/about\/\" class=\"more-link\"><span class=\"screen-reader-text\">\u201eAbout\u201c<\/span> weiterlesen<\/a><\/p>\n","protected":false},"author":3,"featured_media":0,"parent":0,"menu_order":0,"comment_status":"closed","ping_status":"closed","template":"","meta":{"footnotes":""},"class_list":["post-38","page","type-page","status-publish","hentry"],"_links":{"self":[{"href":"https:\/\/theslownights.de\/index.php\/wp-json\/wp\/v2\/pages\/38","targetHints":{"allow":["GET"]}}],"collection":[{"href":"https:\/\/theslownights.de\/index.php\/wp-json\/wp\/v2\/pages"}],"about":[{"href":"https:\/\/theslownights.de\/index.php\/wp-json\/wp\/v2\/types\/page"}],"author":[{"embeddable":true,"href":"https:\/\/theslownights.de\/index.php\/wp-json\/wp\/v2\/users\/3"}],"replies":[{"embeddable":true,"href":"https:\/\/theslownights.de\/index.php\/wp-json\/wp\/v2\/comments?post=38"}],"version-history":[{"count":7,"href":"https:\/\/theslownights.de\/index.php\/wp-json\/wp\/v2\/pages\/38\/revisions"}],"predecessor-version":[{"id":198,"href":"https:\/\/theslownights.de\/index.php\/wp-json\/wp\/v2\/pages\/38\/revisions\/198"}],"wp:attachment":[{"href":"https:\/\/theslownights.de\/index.php\/wp-json\/wp\/v2\/media?parent=38"}],"curies":[{"name":"wp","href":"https:\/\/api.w.org\/{rel}","templated":true}]}}